{"id":9490,"date":"2019-05-03T19:14:45","date_gmt":"2019-05-03T17:14:45","guid":{"rendered":"https:\/\/lifevison.fr\/life-programme-vison\/objectives\/"},"modified":"2022-03-04T16:09:41","modified_gmt":"2022-03-04T15:09:41","slug":"objectives","status":"publish","type":"page","link":"https:\/\/lifevison.fr\/en\/life-programme-vison\/objectives\/","title":{"rendered":"Objectives"},"content":{"rendered":"<p>[et_pb_section bb_built=&#8221;1&#8243; admin_label=&#8221;Header Section&#8221; fullwidth=&#8221;on&#8221; _builder_version=&#8221;3.1&#8243; next_background_color=&#8221;#c9dde8&#8243; custom_css_main_element=&#8221;background-color: #222222;&#8221; top_divider_color=&#8221;#ffffff&#8221; bottom_divider_color=&#8221;#ffffff&#8221; bottom_divider_height=&#8221;30px&#8221; background_position=&#8221;bottom_right&#8221; background_size=&#8221;contain&#8221; bottom_divider_style=&#8221;wave&#8221;][et_pb_fullwidth_header admin_label=&#8221;Ent\u00eate du site : Les objectifs&#8221; title=&#8221;Objectives&#8221; background_layout=&#8221;dark&#8221; text_orientation=&#8221;center&#8221; header_fullscreen=&#8221;on&#8221; header_scroll_down=&#8221;on&#8221; scroll_down_icon=&#8221;%%1%%&#8221; scroll_down_icon_color=&#8221;#ffffff&#8221; background_overlay_color=&#8221;rgba(0,0,0,0.15)&#8221; content_max_width_last_edited=&#8221;off|desktop&#8221; _builder_version=&#8221;3.1.1&#8243; title_font=&#8221;Oswald|||on|||||&#8221; title_text_align=&#8221;center&#8221; title_font_size=&#8221;66px&#8221; title_font_size_tablet=&#8221;60px&#8221; title_font_size_last_edited=&#8221;on|desktop&#8221; title_letter_spacing=&#8221;0.1em&#8221; title_line_height=&#8221;1.5em&#8221; content_line_height=&#8221;1.7em&#8221; subhead_font=&#8221;Open Sans|600|||||||&#8221; subhead_font_size=&#8221;24px&#8221; subhead_line_height=&#8221;1.9em&#8221; custom_button_one=&#8221;on&#8221; button_one_text_size=&#8221;15px&#8221; button_one_bg_color=&#8221;#dca57d&#8221; button_one_border_width=&#8221;10px&#8221; button_one_border_color=&#8221;#dca57d&#8221; button_one_border_radius=&#8221;0px&#8221; button_one_letter_spacing=&#8221;3px&#8221; button_one_font=&#8221;Oswald|||on|&#8221; button_one_use_icon=&#8221;off&#8221; button_one_bg_color_hover=&#8221;#c99872&#8243; button_one_border_color_hover=&#8221;#c99872&#8243; button_one_border_radius_hover=&#8221;0px&#8221; button_one_letter_spacing_hover=&#8221;3px&#8221; animation_style=&#8221;fade&#8221; animation_starting_opacity=&#8221;50%&#8221; animation_speed_curve=&#8221;ease-in&#8221; image_orientation=&#8221;bottom&#8221; parallax=&#8221;on&#8221; custom_padding=&#8221;||20px|&#8221; subhead=&#8221;LIFE VISON&#8221; background_image=&#8221;https:\/\/lifevison.fr\/wp-content\/uploads\/2018\/04\/programme-life-vison.jpg&#8221; title_font_size_phone=&#8221;48px&#8221; background_color=&#8221;rgba(255, 255, 255, 0)&#8221; \/][\/et_pb_section][et_pb_section bb_built=&#8221;1&#8243; specialty=&#8221;off&#8221; next_background_color=&#8221;#000000&#8243; _builder_version=&#8221;3.1.1&#8243; background_color=&#8221;#c9dde8&#8243; top_divider_style=&#8221;wave&#8221; top_divider_color=&#8221;#ffffff&#8221; bottom_divider_style=&#8221;waves&#8221; bottom_divider_color=&#8221;#c9dde8&#8243; bottom_divider_height=&#8221;30px&#8221; top_divider_height=&#8221;30px&#8221; bottom_divider_arrangement=&#8221;above_content&#8221; prev_background_color=&#8221;#ffffff&#8221; global_module=&#8221;656&#8243;][et_pb_row global_parent=&#8221;656&#8243; _builder_version=&#8221;3.1.1&#8243; make_fullwidth=&#8221;on&#8221; use_custom_width=&#8221;on&#8221; custom_width_px=&#8221;1200px&#8221;][et_pb_column type=&#8221;4_4&#8243;][\/et_pb_column][\/et_pb_row][\/et_pb_section][et_pb_section bb_built=&#8221;1&#8243; admin_label=&#8221;Best Beans&#8221; _builder_version=&#8221;3.0.105&#8243; background_color_gradient_direction=&#8221;90deg&#8221; custom_padding=&#8221;0px|0px|0px|0px&#8221; next_background_color=&#8221;#ffffff&#8221; parallax=&#8221;on&#8221; top_divider_color=&#8221;#c9dde8&#8243; background_color=&#8221;#c9dde8&#8243; top_divider_arrangement=&#8221;above_content&#8221; parallax_method=&#8221;off&#8221; bottom_divider_style=&#8221;wave&#8221; bottom_divider_color=&#8221;#c9dde8&#8243; prev_background_color=&#8221;#000000&#8243; top_divider_height=&#8221;30px&#8221; bottom_divider_height=&#8221;30px&#8221; top_divider_style=&#8221;wave&#8221;][et_pb_row admin_label=&#8221;Best Beans Row&#8221; gutter_width=&#8221;1&#8243; custom_padding=&#8221;20px|0px|0px|0px&#8221; padding_top_1=&#8221;50px&#8221; padding_bottom_1=&#8221;100px&#8221; _builder_version=&#8221;3.0.105&#8243; padding_top_2=&#8221;100px&#8221; padding_right_2=&#8221;10%&#8221; padding_bottom_2=&#8221;100px&#8221; module_alignment=&#8221;center&#8221; background_color=&#8221;#ffffff&#8221;][et_pb_column type=&#8221;4_4&#8243;][et_pb_text admin_label=&#8221;Fil d&#8217;Ariane&#8221; _builder_version=&#8221;3.0.105&#8243; text_font=&#8221;Open Sans||||||||&#8221; text_font_size=&#8221;14px&#8221; text_line_height=&#8221;1em&#8221; header_text_align=&#8221;center&#8221; header_3_font=&#8221;Oswald|||||on|||&#8221; header_3_font_size=&#8221;42px&#8221; header_3_letter_spacing=&#8221;2px&#8221; header_3_line_height=&#8221;1.5em&#8221; max_width=&#8221;1000px&#8221; max_width_last_edited=&#8221;on|desktop&#8221; module_alignment=&#8221;center&#8221; background_layout=&#8221;light&#8221; ul_font=&#8221;Oswald||||||||&#8221; ul_font_size=&#8221;20px&#8221; custom_padding=&#8221;50px|20px|20px|20px&#8221; max_width_phone=&#8221;600px&#8221; header_2_font=&#8221;|||||on|||&#8221; background_color=&#8221;rgba(201,221,232,0.3)&#8221; border_radii=&#8221;on|0px|0px|0px|0px&#8221; saved_tabs=&#8221;all&#8221; global_module=&#8221;643&#8243; custom_margin=&#8221;-70px|||&#8221;]<\/p>\n<p>[wpseo_breadcrumb]<\/p>\n<p>[\/et_pb_text][et_pb_text admin_label=&#8221;Navigation secondaire&#8221; _builder_version=&#8221;3.1.1&#8243; disabled=&#8221;off&#8221; disabled_on=&#8221;off|off|&#8221; text_font=&#8221;Open Sans||||||||&#8221; text_font_size=&#8221;16px&#8221; custom_padding=&#8221;10px|40px|10px|40px&#8221; custom_margin=&#8221;0px|||&#8221; text_orientation=&#8221;right&#8221; saved_tabs=&#8221;all&#8221;]<\/p>\n<p><strong>LIFE programme Vison<\/strong><br \/>\n<i class=\"fa fa-angle-right\"><\/i> <a href=\"https:\/\/lifevison.fr\/life-programme-vison\/what-is-a-life-programme\/?lang=en\"><span class=\"menusecondaire\" style=\"color: #303030\">What is a LIFE programme?<\/span><\/a><br \/>\n<i class=\"fa fa-angle-right\"><\/i> <a href=\"https:\/\/lifevison.fr\/life-programme-vison\/the-project\/?lang=en\"><span class=\"menusecondaire\" style=\"color: #303030\">The project<\/span><\/a><br \/>\n<i class=\"fa fa-angle-right\"><\/i> <a href=\"https:\/\/lifevison.fr\/life-programme-vison\/the-life-programme-area\/?lang=en\"><span class=\"menusecondaire\" style=\"color: #303030\">The LIFE programme area<\/span><\/a><br \/>\n<i class=\"fa fa-arrow-circle-right\" style=\"color: #2ea3f2\"><\/i> <a href=\"https:\/\/lifevison.fr\/life-programme-vison\/objectives\/?lang=en\"><span class=\"menusecondaire\" style=\"color: #2ea3f2\">Objectives<\/span><\/a><br \/>\n<i class=\"fa fa-angle-right\"><\/i> <a href=\"\/?page_id=1250\"><span class=\"menusecondaire\" style=\"color: #303030\">Partnership<\/span><\/a><\/p>\n<p>[\/et_pb_text][et_pb_text admin_label=&#8221;L\u2019objectif principal&#8230;&#8221; _builder_version=&#8221;3.1.1&#8243; text_font=&#8221;Open Sans||||||||&#8221; text_line_height=&#8221;1.8em&#8221; header_text_align=&#8221;center&#8221; header_3_font=&#8221;Oswald|||||on|||&#8221; header_3_font_size=&#8221;38px&#8221; max_width=&#8221;1000px&#8221; max_width_last_edited=&#8221;on|desktop&#8221; module_alignment=&#8221;center&#8221; custom_margin=&#8221;|||&#8221; ul_font=&#8221;Oswald||||||||&#8221; ul_font_size=&#8221;20px&#8221; custom_padding=&#8221;|20px|30px|20px&#8221; max_width_phone=&#8221;600px&#8221; header_2_font=&#8221;Oswald|||||on|||&#8221; header_2_font_size=&#8221;42px&#8221;]<\/p>\n<h2><span style=\"color: #222222\">Conservation of the<\/span> European mink<\/h2>\n<p>The project aims at maintaining or increasing the European mink population in one of the species last stronghold areas, the Charente river basin, by developing new survey and management techniques.<\/p>\n<p>More specifically, the project goals are:<\/p>\n<ul>\n<li><i class=\"fas fa-caret-right\"><\/i> Reducing the European mink\u2019s causes of mortality (road casualties, trapping, competition with the American mink, an alien species)<\/li>\n<li><i class=\"fas fa-caret-right\"><\/i> Increasing the surface area of favorable habitats, improving ecological corridors and stabilising areas of major interest for the European mink conservation<\/li>\n<li><i class=\"fas fa-caret-right\"><\/i> Improving our knowledge about the sensitive breeding season and identifying stronghold areas in order to manage habitats in the most efficient way<\/li>\n<li><i class=\"fas fa-caret-right\"><\/i> Promoting the European mink as a high profile flagship species to highlight the importance of water quality and riparian habitats for biodiversity. Strengthening local stakeholders\u2019 involvement for the issues related to the European mink and ensuring all operations affecting watercourses take account of them<\/li>\n<\/ul>\n<p>[\/et_pb_text][\/et_pb_column][\/et_pb_row][\/et_pb_section][et_pb_section bb_built=&#8221;1&#8243; fullwidth=&#8221;on&#8221; specialty=&#8221;off&#8221; next_background_color=&#8221;#222222&#8243; _builder_version=&#8221;3.0.105&#8243; top_divider_style=&#8221;wave&#8221; top_divider_color=&#8221;#c9dde8&#8243; top_divider_height=&#8221;50px&#8221; bottom_divider_style=&#8221;wave&#8221; bottom_divider_color=&#8221;#c9dde8&#8243; bottom_divider_height=&#8221;50px&#8221; prev_background_color=&#8221;#c9dde8&#8243;][\/et_pb_section][et_pb_section bb_built=&#8221;1&#8243; admin_label=&#8221;Footer&#8221; _builder_version=&#8221;3.0.105&#8243; background_color_gradient_direction=&#8221;90deg&#8221; parallax=&#8221;on&#8221; custom_padding=&#8221;0px|0px|0px|0px&#8221; saved_tabs=&#8221;all&#8221; locked=&#8221;off&#8221; background_color=&#8221;#222222&#8243; top_divider_color=&#8221;#dbdfc0&#8243; bottom_divider_color=&#8221;#dbdfc0&#8243; border_style_all=&#8221;none&#8221; prev_background_color=&#8221;#ffffff&#8221; global_module=&#8221;630&#8243;][et_pb_row admin_label=&#8221;Footer Row&#8221; global_parent=&#8221;630&#8243; gutter_width=&#8221;1&#8243; custom_padding=&#8221;0px|0px|0px|0px&#8221; padding_top_1=&#8221;100px&#8221; padding_right_1=&#8221;10%&#8221; padding_bottom_1=&#8221;30px&#8221; padding_left_1=&#8221;10%&#8221; padding_1_last_edited=&#8221;on|desktop&#8221; _builder_version=&#8221;3.2.1&#8243; animation_style=&#8221;fade&#8221; make_fullwidth=&#8221;on&#8221; custom_width_px=&#8221;1058px&#8221; padding_1_phone=&#8221;20px|10%|20px|10%&#8221; padding_right_2=&#8221;10%&#8221; padding_bottom_2=&#8221;20px&#8221; padding_left_2=&#8221;10%&#8221; make_equal=&#8221;on&#8221; padding_top_2=&#8221;10px&#8221;][et_pb_column type=&#8221;1_2&#8243;][et_pb_text admin_label=&#8221;Pied de page LIFE VISON&#8221; global_parent=&#8221;630&#8243; background_layout=&#8221;dark&#8221; _builder_version=&#8221;3.2.1&#8243; text_font=&#8221;Oswald||||&#8221; header_2_font=&#8221;Oswald|||on|||||&#8221; header_2_text_align=&#8221;left&#8221; header_2_font_size=&#8221;40px&#8221; header_2_letter_spacing=&#8221;2px&#8221; header_2_line_height=&#8221;1.5em&#8221; locked=&#8221;off&#8221; custom_margin=&#8221;-30px|||&#8221; custom_padding=&#8221;||-50px|&#8221;]<\/p>\n<h3>LIFE Vison<\/h3>\n<p>[\/et_pb_text][et_pb_text admin_label=&#8221;Texte Vison d&#8217;Europe&#8221; global_parent=&#8221;630&#8243; background_layout=&#8221;dark&#8221; _builder_version=&#8221;3.0.105&#8243; text_font=&#8221;Open Sans||||||||&#8221; text_font_size=&#8221;16px&#8221; header_font=&#8221;Oswald|||on|&#8221; header_font_size=&#8221;16px&#8221; header_text_color=&#8221;#dca57d&#8221; header_letter_spacing=&#8221;2px&#8221; header_line_height=&#8221;1.7em&#8221; header_4_font=&#8221;Oswald|||on|||||&#8221; header_4_font_size=&#8221;16px&#8221; header_4_text_color=&#8221;#dca57d&#8221; header_4_letter_spacing=&#8221;1px&#8221; header_4_line_height=&#8221;1.5em&#8221; custom_margin=&#8221;||6%|&#8221; locked=&#8221;off&#8221;]<\/p>\n<h4>The European mink<\/h4>\n<p>It is a carnivorous mammal belonging to the Mustelidae family. It is classified as \u201ccritically endangered\u201d according to IUCN\u2019s Red List of threatened species.<\/p>\n<p>[\/et_pb_text][et_pb_text admin_label=&#8221;Logos B\u00e9n\u00e9ficiaire coordinateur&#8221; global_parent=&#8221;630&#8243; background_layout=&#8221;dark&#8221; _builder_version=&#8221;3.2.1&#8243; text_font=&#8221;Nunito||||&#8221; text_font_size=&#8221;16px&#8221; header_font=&#8221;Oswald|||on|&#8221; header_font_size=&#8221;16px&#8221; header_text_color=&#8221;#dca57d&#8221; header_letter_spacing=&#8221;2px&#8221; header_line_height=&#8221;1.7em&#8221; header_4_font=&#8221;Oswald|||on|||||&#8221; header_4_font_size=&#8221;16px&#8221; header_4_text_color=&#8221;#dca57d&#8221; header_4_letter_spacing=&#8221;1px&#8221; header_4_line_height=&#8221;1.5em&#8221; custom_margin=&#8221;||6%|&#8221;]<\/p>\n<h4>Beneficiary coordinator<\/h4>\n<p><img loading=\"lazy\" decoding=\"async\" class=\"alignnone size-full wp-image-4151\" src=\"https:\/\/lifevison.fr\/wp-content\/uploads\/2018\/05\/logo-coordinateur.png\" alt=\"\" width=\"1093\" height=\"155\" srcset=\"https:\/\/lifevison.fr\/wp-content\/uploads\/2018\/05\/logo-coordinateur.png 1093w, https:\/\/lifevison.fr\/wp-content\/uploads\/2018\/05\/logo-coordinateur-300x43.png 300w, https:\/\/lifevison.fr\/wp-content\/uploads\/2018\/05\/logo-coordinateur-768x109.png 768w, https:\/\/lifevison.fr\/wp-content\/uploads\/2018\/05\/logo-coordinateur-1024x145.png 1024w, https:\/\/lifevison.fr\/wp-content\/uploads\/2018\/05\/logo-coordinateur-150x21.png 150w, https:\/\/lifevison.fr\/wp-content\/uploads\/2018\/05\/logo-coordinateur-250x35.png 250w, https:\/\/lifevison.fr\/wp-content\/uploads\/2018\/05\/logo-coordinateur-350x50.png 350w, https:\/\/lifevison.fr\/wp-content\/uploads\/2018\/05\/logo-coordinateur-1080x153.png 1080w\" sizes=\"(max-width: 1093px) 100vw, 1093px\" \/><\/p>\n<p>[\/et_pb_text][et_pb_text admin_label=&#8221;Logos b\u00e9n\u00e9ficiaires associ\u00e9s&#8221; global_parent=&#8221;630&#8243; background_layout=&#8221;dark&#8221; _builder_version=&#8221;3.2.1&#8243; text_font=&#8221;Nunito||||&#8221; text_font_size=&#8221;16px&#8221; header_font=&#8221;Oswald|||on|&#8221; header_font_size=&#8221;16px&#8221; header_text_color=&#8221;#dca57d&#8221; header_letter_spacing=&#8221;2px&#8221; header_line_height=&#8221;1.7em&#8221; header_4_font=&#8221;Oswald|||on|||||&#8221; header_4_font_size=&#8221;16px&#8221; header_4_text_color=&#8221;#dca57d&#8221; header_4_letter_spacing=&#8221;1px&#8221; header_4_line_height=&#8221;1.5em&#8221; custom_margin=&#8221;||6%|&#8221;]<\/p>\n<h4>Associated beneficiary<\/h4>\n<p><img loading=\"lazy\" decoding=\"async\" class=\"alignnone size-full wp-image-4154\" src=\"https:\/\/lifevison.fr\/wp-content\/uploads\/2018\/05\/logos-associes-2.png\" alt=\"\" width=\"1093\" height=\"155\" srcset=\"https:\/\/lifevison.fr\/wp-content\/uploads\/2018\/05\/logos-associes-2.png 1093w, https:\/\/lifevison.fr\/wp-content\/uploads\/2018\/05\/logos-associes-2-300x43.png 300w, https:\/\/lifevison.fr\/wp-content\/uploads\/2018\/05\/logos-associes-2-768x109.png 768w, https:\/\/lifevison.fr\/wp-content\/uploads\/2018\/05\/logos-associes-2-1024x145.png 1024w, https:\/\/lifevison.fr\/wp-content\/uploads\/2018\/05\/logos-associes-2-150x21.png 150w, https:\/\/lifevison.fr\/wp-content\/uploads\/2018\/05\/logos-associes-2-250x35.png 250w, https:\/\/lifevison.fr\/wp-content\/uploads\/2018\/05\/logos-associes-2-350x50.png 350w, https:\/\/lifevison.fr\/wp-content\/uploads\/2018\/05\/logos-associes-2-1080x153.png 1080w\" sizes=\"(max-width: 1093px) 100vw, 1093px\" \/><\/p>\n<p>[\/et_pb_text][et_pb_text admin_label=&#8221;Avec le soutien financier&#8221; global_parent=&#8221;630&#8243; background_layout=&#8221;dark&#8221; _builder_version=&#8221;3.2.1&#8243; text_font=&#8221;Nunito||||&#8221; text_font_size=&#8221;16px&#8221; header_font=&#8221;Oswald|||on|&#8221; header_font_size=&#8221;16px&#8221; header_text_color=&#8221;#dca57d&#8221; header_letter_spacing=&#8221;2px&#8221; header_line_height=&#8221;1.7em&#8221; header_4_font=&#8221;Oswald|||on|||||&#8221; header_4_font_size=&#8221;16px&#8221; header_4_text_color=&#8221;#dca57d&#8221; header_4_letter_spacing=&#8221;1px&#8221; header_4_line_height=&#8221;1.5em&#8221; custom_margin=&#8221;||6%|&#8221;]<\/p>\n<h4>Partenaires financiers<\/h4>\n<p><img loading=\"lazy\" decoding=\"async\" class=\"alignnone size-full wp-image-4163\" src=\"https:\/\/lifevison.fr\/wp-content\/uploads\/2018\/05\/logos-finaceurs-3.png\" alt=\"\" width=\"1093\" height=\"155\" srcset=\"https:\/\/lifevison.fr\/wp-content\/uploads\/2018\/05\/logos-finaceurs-3.png 1093w, https:\/\/lifevison.fr\/wp-content\/uploads\/2018\/05\/logos-finaceurs-3-300x43.png 300w, https:\/\/lifevison.fr\/wp-content\/uploads\/2018\/05\/logos-finaceurs-3-768x109.png 768w, https:\/\/lifevison.fr\/wp-content\/uploads\/2018\/05\/logos-finaceurs-3-1024x145.png 1024w, https:\/\/lifevison.fr\/wp-content\/uploads\/2018\/05\/logos-finaceurs-3-150x21.png 150w, https:\/\/lifevison.fr\/wp-content\/uploads\/2018\/05\/logos-finaceurs-3-250x35.png 250w, https:\/\/lifevison.fr\/wp-content\/uploads\/2018\/05\/logos-finaceurs-3-350x50.png 350w, https:\/\/lifevison.fr\/wp-content\/uploads\/2018\/05\/logos-finaceurs-3-1080x153.png 1080w\" sizes=\"(max-width: 1093px) 100vw, 1093px\" \/><\/p>\n<p>[\/et_pb_text][\/et_pb_column][et_pb_column type=&#8221;1_2&#8243;][et_pb_text admin_label=&#8221;Pied de page CONTACT&#8221; global_parent=&#8221;630&#8243; background_layout=&#8221;dark&#8221; _builder_version=&#8221;3.2.1&#8243; text_font=&#8221;Oswald||||&#8221; header_2_font=&#8221;Oswald|||on|||||&#8221; header_2_text_align=&#8221;left&#8221; header_2_font_size=&#8221;40px&#8221; header_2_letter_spacing=&#8221;2px&#8221; header_2_line_height=&#8221;1.5em&#8221; locked=&#8221;off&#8221; custom_margin=&#8221;100px|||&#8221;]<\/p>\n<h3>Contact<\/h3>\n<p>[\/et_pb_text][et_pb_text admin_label=&#8221;COORDINATRICE DU PROJET LIFE VISON D\u2019EUROPE&#8221; global_parent=&#8221;630&#8243; background_layout=&#8221;dark&#8221; _builder_version=&#8221;3.0.105&#8243; text_font=&#8221;Open Sans||||||||&#8221; text_font_size=&#8221;16px&#8221; header_font=&#8221;Oswald|||on|&#8221; header_font_size=&#8221;16px&#8221; header_text_color=&#8221;#dca57d&#8221; header_letter_spacing=&#8221;2px&#8221; header_line_height=&#8221;1.7em&#8221; header_4_font=&#8221;Oswald|||on|||||&#8221; header_4_font_size=&#8221;16px&#8221; header_4_text_color=&#8221;#dca57d&#8221; header_4_letter_spacing=&#8221;1px&#8221; header_4_line_height=&#8221;1.5em&#8221; custom_margin=&#8221;||6%|&#8221; locked=&#8221;off&#8221;]<\/p>\n<h4>LIFE VISON Project Coordinator<\/h4>\n<p>Ingrid Marchand<\/p>\n<p>[\/et_pb_text][et_pb_text admin_label=&#8221;T\u00c9L\u00c9PHONE :&#8221; global_parent=&#8221;630&#8243; background_layout=&#8221;dark&#8221; _builder_version=&#8221;3.0.105&#8243; text_font=&#8221;Open Sans||||||||&#8221; text_font_size=&#8221;16px&#8221; header_font=&#8221;Oswald|||on|&#8221; header_font_size=&#8221;16px&#8221; header_text_color=&#8221;#dca57d&#8221; header_letter_spacing=&#8221;2px&#8221; header_line_height=&#8221;1.7em&#8221; header_4_font=&#8221;Oswald|||on|||||&#8221; header_4_font_size=&#8221;16px&#8221; header_4_text_color=&#8221;#dca57d&#8221; header_4_letter_spacing=&#8221;1px&#8221; header_4_line_height=&#8221;1.5em&#8221; custom_margin=&#8221;||6%|&#8221; locked=&#8221;off&#8221; text_line_height=&#8221;1.5em&#8221;]<\/p>\n<h4>Phone :<\/h4>\n<p>+33 5 46 82 12 45<\/p>\n<p>[\/et_pb_text][et_pb_text admin_label=&#8221;Adresse&#8221; global_parent=&#8221;630&#8243; background_layout=&#8221;dark&#8221; _builder_version=&#8221;3.0.105&#8243; text_font=&#8221;Nunito||||&#8221; text_font_size=&#8221;16px&#8221; text_line_height=&#8221;1.5em&#8221; header_font=&#8221;Oswald|||on|&#8221; header_font_size=&#8221;16px&#8221; header_text_color=&#8221;#dca57d&#8221; header_letter_spacing=&#8221;2px&#8221; header_line_height=&#8221;1.7em&#8221; header_4_font=&#8221;Oswald|||on|||||&#8221; header_4_font_size=&#8221;16px&#8221; header_4_text_color=&#8221;#dca57d&#8221; header_4_letter_spacing=&#8221;1px&#8221; header_4_line_height=&#8221;1.5em&#8221; custom_margin=&#8221;||6%|&#8221; locked=&#8221;off&#8221;]<\/p>\n<h4>Adress<\/h4>\n<p>LPO \u2013 Les Fonderies Royales<br \/>\n8-10 rue du Docteur Pujos<br \/>\nCS 90263 \u2013 17305 Rochefort<\/p>\n<p>[\/et_pb_text][et_pb_divider global_parent=&#8221;630&#8243; _builder_version=&#8221;3.2.1&#8243; show_divider=&#8221;off&#8221; height=&#8221;40px&#8221; \/][et_pb_button admin_label=&#8221;Bouton Espace Presse&#8221; global_parent=&#8221;630&#8243; _builder_version=&#8221;3.1.1&#8243; button_text=&#8221;Press&#8221; button_url=&#8221;https:\/\/lifevison.fr\/presse\/&#8221; button_alignment=&#8221;left&#8221; background_layout=&#8221;dark&#8221; \/][et_pb_button admin_label=&#8221;Bouton Nous contacter&#8221; global_parent=&#8221;630&#8243; _builder_version=&#8221;3.1.1&#8243; button_text=&#8221;Contact us&#8221; button_url=&#8221;https:\/\/lifevison.fr\/en\/contact\/&#8221; button_alignment=&#8221;left&#8221; background_layout=&#8221;dark&#8221; \/][et_pb_divider global_parent=&#8221;630&#8243; _builder_version=&#8221;3.2.1&#8243; show_divider=&#8221;off&#8221; height=&#8221;30px&#8221; \/][et_pb_text admin_label=&#8221;Cr\u00e9ation, r\u00e9alisation&#8230;&#8221; global_parent=&#8221;630&#8243; background_layout=&#8221;dark&#8221; _builder_version=&#8221;3.0.105&#8243; text_font=&#8221;Open Sans|300|||||||&#8221; text_font_size=&#8221;14px&#8221; text_line_height=&#8221;1.3em&#8221; header_font=&#8221;Oswald|||on|&#8221; header_font_size=&#8221;16px&#8221; header_text_color=&#8221;#dca57d&#8221; header_letter_spacing=&#8221;2px&#8221; header_line_height=&#8221;1.7em&#8221; header_4_font=&#8221;Oswald|||on|||||&#8221; header_4_font_size=&#8221;16px&#8221; header_4_text_color=&#8221;#dca57d&#8221; header_4_letter_spacing=&#8221;1px&#8221; header_4_line_height=&#8221;1.5em&#8221; text_text_color=&#8221;#a0a0a0&#8243;]<\/p>\n<p>&gt; Created by : <a href=\"http:\/\/www.denis-allard.fr\/cv\/portfolios\" target=\"blank\" rel=\"noopener\">Pigment Web Multim\u00e9dia<\/a> &#8211; 85200 Fontenay-le-Comte &#8211; France<\/p>\n<p>[\/et_pb_text][\/et_pb_column][\/et_pb_row][\/et_pb_section]<\/p>\n","protected":false},"excerpt":{"rendered":"<p>[wpseo_breadcrumb] LIFE programme Vison What is a LIFE programme? The project The LIFE programme area Objectives Partnership Conservation of the European mink The project aims at maintaining or increasing the European mink population in one of the species last stronghold areas, the Charente river basin, by developing new survey and management techniques. More specifically, the [&hellip;]<\/p>\n","protected":false},"author":1,"featured_media":0,"parent":9212,"menu_order":4,"comment_status":"closed","ping_status":"closed","template":"","meta":{"_et_pb_use_builder":"on","_et_pb_old_content":"","_et_gb_content_width":"","footnotes":""},"class_list":["post-9490","page","type-page","status-publish","hentry"],"_links":{"self":[{"href":"https:\/\/lifevison.fr\/en\/wp-json\/wp\/v2\/pages\/9490","targetHints":{"allow":["GET"]}}],"collection":[{"href":"https:\/\/lifevison.fr\/en\/wp-json\/wp\/v2\/pages"}],"about":[{"href":"https:\/\/lifevison.fr\/en\/wp-json\/wp\/v2\/types\/page"}],"author":[{"embeddable":true,"href":"https:\/\/lifevison.fr\/en\/wp-json\/wp\/v2\/users\/1"}],"replies":[{"embeddable":true,"href":"https:\/\/lifevison.fr\/en\/wp-json\/wp\/v2\/comments?post=9490"}],"version-history":[{"count":0,"href":"https:\/\/lifevison.fr\/en\/wp-json\/wp\/v2\/pages\/9490\/revisions"}],"up":[{"embeddable":true,"href":"https:\/\/lifevison.fr\/en\/wp-json\/wp\/v2\/pages\/9212"}],"wp:attachment":[{"href":"https:\/\/lifevison.fr\/en\/wp-json\/wp\/v2\/media?parent=9490"}],"curies":[{"name":"wp","href":"https:\/\/api.w.org\/{rel}","templated":true}]}}